{"id":99,"date":"2022-11-30T12:33:46","date_gmt":"2022-11-30T11:33:46","guid":{"rendered":"https:\/\/www.maestrodiscicervinia.com\/?page_id=99"},"modified":"2025-11-04T15:27:36","modified_gmt":"2025-11-04T14:27:36","slug":"faq","status":"publish","type":"page","link":"https:\/\/www.maestrodiscicervinia.com\/it\/faq\/","title":{"rendered":"FAQ"},"content":{"rendered":"<p>[et_pb_section fb_built=&#8221;1&#8243; admin_label=&#8221;FAQ&#8221; _builder_version=&#8221;4.27.4&#8243; _module_preset=&#8221;default&#8221; background_color=&#8221;#171717&#8243; background_image=&#8221;https:\/\/www.maestrodiscicervinia.com\/wp-content\/uploads\/2024\/11\/IMG_1211-scaled.jpg&#8221; saved_tabs=&#8221;all&#8221; collapsed=&#8221;off&#8221; global_colors_info=&#8221;{}&#8221;][et_pb_row _builder_version=&#8221;4.19.0&#8243; _module_preset=&#8221;default&#8221; global_colors_info=&#8221;{}&#8221;][et_pb_column type=&#8221;4_4&#8243; _builder_version=&#8221;4.19.0&#8243; _module_preset=&#8221;default&#8221; global_colors_info=&#8221;{}&#8221;][et_pb_text _builder_version=&#8221;4.27.4&#8243; _module_preset=&#8221;47645f1e-c456-452b-9eb3-2501d07662e3&#8243; global_colors_info=&#8221;{}&#8221;]<\/p>\n<h2><span style=\"color: #000000;\">FAQ<\/span><\/h2>\n<p>[\/et_pb_text][\/et_pb_column][\/et_pb_row][et_pb_row column_structure=&#8221;1_2,1_2&#8243; _builder_version=&#8221;4.27.4&#8243; _module_preset=&#8221;default&#8221; background_color=&#8221;rgba(10,10,10,0.65)&#8221; custom_padding=&#8221;|20px||20px|false|false&#8221; border_radii=&#8221;on|18px|18px|18px|18px&#8221; global_colors_info=&#8221;{}&#8221;][et_pb_column type=&#8221;1_2&#8243; _builder_version=&#8221;4.19.0&#8243; _module_preset=&#8221;default&#8221; global_colors_info=&#8221;{}&#8221;][et_pb_accordion toggle_icon=&#8221;&#x4c;||divi||400&#8243; _builder_version=&#8221;4.26.0&#8243; _module_preset=&#8221;b83bf1d8-cb0b-4b57-8f8e-230e41a4ff2d&#8221; body_text_color=&#8221;#FFFFFF&#8221; hover_enabled=&#8221;0&#8243; locked=&#8221;off&#8221; global_colors_info=&#8221;{%22gcid-9d8d6552-a4b0-4171-847a-f5c0d7177503%22:%91%22body_text_color%22,%22body_text_color%22,%22body_text_color%22,%22body_text_color%22,%22body_text_color%22,%22body_text_color%22%93,%22gcid-233cd77b-4711-403e-b130-11d9e5b5d115%22:%91%22icon_color%22,%22icon_color%22,%22icon_color%22,%22icon_color%22,%22icon_color%22,%22icon_color%22,%22icon_color%22,%22icon_color%22,%22icon_color%22,%22icon_color%22,%22icon_color%22,%22icon_color%22,%22icon_color%22,%22icon_color%22,%22icon_color%22,%22icon_color%22,%22icon_color%22,%22icon_color%22,%22icon_color%22,%22icon_color%22,%22icon_color%22,%22icon_color%22,%22icon_color%22,%22icon_color%22%93}&#8221; sticky_enabled=&#8221;0&#8243;][et_pb_accordion_item title=&#8221;Quando e per chi \u00e9 obbligatorio l&#8217;utilizzo del casco omologato?&#8221; _builder_version=&#8221;4.19.0&#8243; _module_preset=&#8221;default&#8221; custom_padding=&#8221;|0px||0px|false|true&#8221; global_colors_info=&#8221;{}&#8221; open=&#8221;on&#8221;]<\/p>\n<p>L&#8217;utilizzo del casco protettivo conforme per l&#8217;esercizio della pratica dello Sci Alpino, Snowboard, Telemark, Slitta e Slittino, \u00e9 per tutti obbligatorio a prescindere dall&#8217;et\u00e0 (cfr. Legge 8 agosto 2025, n. 119, recante <em>&#8220;Disposizioni urgenti per l&#8217;organizzazione e lo svolgimento di grandi eventi sportivi, nonch\u00e9 ulteriori disposizioni urgenti in materia di sport&#8221;<\/em>).<\/p>\n<p>[\/et_pb_accordion_item][et_pb_accordion_item title=&#8221;E&#8217; obbligatoria l&#8217;assicurazione per responsabilit\u00e0 civile per danni materiali o infortuni causati a terzi (RCT) per accedere alle piste da sci?&#8221; _builder_version=&#8221;4.19.0&#8243; _module_preset=&#8221;default&#8221; custom_padding=&#8221;|0px||0px|false|true&#8221; global_colors_info=&#8221;{}&#8221; open=&#8221;off&#8221;]<\/p>\n<p>Si, \u00e9 obbligatoria e tale obbligo pu\u00f2 essere assolto alle casse della Cervino S.p.A. con l&#8217;acquisto della polizza Snowcare. Bench\u00e9 la polizza Snowcare comprenda anche un pacchetto di garanzie completo per lo sciatore che lo tutelano anche in caso di incidente\/infortunio su sci e snowboard, ti consiglio comunque di dotarti anche di una polizza infortuni personale.<\/p>\n<p>[\/et_pb_accordion_item][et_pb_accordion_item title=&#8221;Dov&#8217;\u00e9 il punto di ritrovo con Maestro Ale per l&#8217;inizio delle lezioni?&#8221; open=&#8221;off&#8221; _builder_version=&#8221;4.19.0&#8243; _module_preset=&#8221;default&#8221; custom_padding=&#8221;|0px||0px|false|true&#8221; global_colors_info=&#8221;{}&#8221;]<\/p>\n<p>Generalmente, salvo diversi possibili accordi con il Maestro per l&#8217;appuntamento, \u00e9 in paese a Cervinia in zona Cretaz tra la partenza delle due seggiovie e il campetto scuola dotato di tapis roulant. Per lezioni a Valtournenche o in altre localit\u00e0, il punto di ritrovo verr\u00e0 previamente definito alla conferma della richiesta di prenotazione.\u00a0<\/p>\n<p>&nbsp;<\/p>\n<p>[\/et_pb_accordion_item][\/et_pb_accordion][\/et_pb_column][et_pb_column type=&#8221;1_2&#8243; _builder_version=&#8221;4.19.0&#8243; _module_preset=&#8221;default&#8221; global_colors_info=&#8221;{}&#8221;][et_pb_accordion toggle_icon=&#8221;&#x4c;||divi||400&#8243; _builder_version=&#8221;4.26.0&#8243; _module_preset=&#8221;b83bf1d8-cb0b-4b57-8f8e-230e41a4ff2d&#8221; body_text_color=&#8221;#FFFFFF&#8221; hover_enabled=&#8221;0&#8243; locked=&#8221;off&#8221; global_colors_info=&#8221;{%22gcid-233cd77b-4711-403e-b130-11d9e5b5d115%22:%91%22icon_color%22,%22icon_color%22,%22icon_color%22,%22icon_color%22,%22icon_color%22,%22icon_color%22,%22icon_color%22,%22icon_color%22,%22icon_color%22,%22icon_color%22,%22icon_color%22,%22icon_color%22,%22icon_color%22,%22icon_color%22,%22icon_color%22,%22icon_color%22,%22icon_color%22,%22icon_color%22,%22icon_color%22,%22icon_color%22,%22icon_color%22,%22icon_color%22,%22icon_color%22,%22icon_color%22,%22icon_color%22,%22icon_color%22,%22icon_color%22,%22icon_color%22%93}&#8221; sticky_enabled=&#8221;0&#8243;][et_pb_accordion_item title=&#8221;Devo eventualmente noleggiare l&#8217;attrezzatura e comunque acquistare lo skipass PRIMA dell&#8217;inizio della lezione?&#8221; open=&#8221;on&#8221; _builder_version=&#8221;4.19.0&#8243; _module_preset=&#8221;default&#8221; custom_padding=&#8221;|0px||0px|false|true&#8221; global_colors_info=&#8221;{}&#8221;]<\/p>\n<p>Si, certamente, dovrai presentarti al punto di incontro all&#8217;orario stabilito per l&#8217;inizio della lezione gi\u00e0 dotato dello <em>skipass<\/em>, di tutta l&#8217;attrezzatura tecnica necessatia e di un abbigliamento idoneo all&#8217;alta montagna (ricorda che le condizioni meteorologiche possono cambiare rapidamente!). Per quanto rigurada il noleggio dell&#8217;attrezzatura non esitare eventualmente a chiedermi consigli, consulenza tecnica, o quali siano i migliori noleggi a cui rivolgerti. In merito all&#8217;acquisto dello <em>skipass<\/em>, vi sono varie tipologie di bliglietti e posso previamente consigliarti quale acquistare in base alle tue esigenze. L&#8217;accesso al <em>tapis roulant<\/em> del campetto scuola \u00e9 gratuito! \u00a0<\/p>\n<p>[\/et_pb_accordion_item][et_pb_accordion_item title=&#8221;Qual \u00e9 il numero massimo di allievi che possono partecipare ad una lezione privata di gruppo?&#8221; _builder_version=&#8221;4.19.0&#8243; _module_preset=&#8221;default&#8221; custom_padding=&#8221;|0px||0px|false|true&#8221; global_colors_info=&#8221;{}&#8221; open=&#8221;off&#8221;]<\/p>\n<p>Al massimo 8 e tendenzialmente con lo stesso livello tecnico.<\/p>\n<p>[\/et_pb_accordion_item][et_pb_accordion_item title=&#8221;Quante ore di lezione consecutive minime \u00e9 meglio fare con il Maestro ai fini dell&#8217;apprendimento?&#8221; _builder_version=&#8221;4.19.0&#8243; _module_preset=&#8221;default&#8221; custom_padding=&#8221;|0px||0px|false|true&#8221; global_colors_info=&#8221;{}&#8221; open=&#8221;off&#8221;]<\/p>\n<p>Per ottimizzare sia l&#8217;azione didattica che l&#8217;apprendimento sono necessarie almeno 2 ore di lezione consecutive. Fortemente consigliate in caso di principianti o lezioni private di gruppo. Ci\u00f2 non toglie che si possa fare un buon lavoro anche in una lezione di un&#8217;ora, ma per perfezionamenti mirati e con gli ovvi limiti temporali.\u00a0 \u00a0<\/p>\n<p>[\/et_pb_accordion_item][\/et_pb_accordion][\/et_pb_column][\/et_pb_row][\/et_pb_section][et_pb_section fb_built=&#8221;1&#8243; admin_label=&#8221;Footer&#8221; _builder_version=&#8221;4.19.2&#8243; _module_preset=&#8221;default&#8221; background_color=&#8221;#1F1F1F&#8221; saved_tabs=&#8221;all&#8221; collapsed=&#8221;on&#8221; global_colors_info=&#8221;{%22gcid-b2777ccc-45bf-4762-b379-294426a7f0ff%22:%91%22background_color%22%93}&#8221;][et_pb_row column_structure=&#8221;1_2,1_4,1_4&#8243; use_custom_gutter=&#8221;on&#8221; gutter_width=&#8221;1&#8243; make_equal=&#8221;on&#8221; _builder_version=&#8221;4.19.0&#8243; _module_preset=&#8221;default&#8221; custom_padding=&#8221;0px||0px||true|false&#8221; border_width_all=&#8221;1px&#8221; border_color_all=&#8221;#3E3E3E&#8221; global_colors_info=&#8221;{}&#8221;][et_pb_column type=&#8221;1_2&#8243; _builder_version=&#8221;4.19.0&#8243; _module_preset=&#8221;default&#8221; custom_padding=&#8221;40px|40px|40px|40px|true|true&#8221; custom_padding_tablet=&#8221;30px|30px|30px|30px|true|true&#8221; custom_padding_phone=&#8221;20px|20px|20px|20px|true|true&#8221; custom_padding_last_edited=&#8221;on|tablet&#8221; border_color_all=&#8221;#3E3E3E&#8221; border_width_right=&#8221;1px&#8221; border_width_right_tablet=&#8221;0px&#8221; border_width_right_phone=&#8221;&#8221; border_width_right_last_edited=&#8221;on|tablet&#8221; global_colors_info=&#8221;{}&#8221;][et_pb_text _builder_version=&#8221;4.19.1&#8243; _module_preset=&#8221;575b7e0d-8050-4d42-bce1-d6927d7e2246&#8243; custom_margin=&#8221;||30px||false|false&#8221; global_colors_info=&#8221;{}&#8221;]<\/p>\n<h2>Info &amp; Prenotazioni<\/h2>\n<p>[\/et_pb_text][et_pb_button button_url=&#8221;https:\/\/www.maestrodiscicervinia.com\/it\/contatti\/&#8221; button_text=&#8221;Clicca qui!&#8221; button_alignment=&#8221;center&#8221; _builder_version=&#8221;4.27.0&#8243; _module_preset=&#8221;default&#8221; custom_button=&#8221;on&#8221; button_text_color=&#8221;#E02B20&#8243; button_border_radius=&#8221;12px&#8221; global_colors_info=&#8221;{}&#8221;][\/et_pb_button][\/et_pb_column][et_pb_column type=&#8221;1_4&#8243; _builder_version=&#8221;4.19.0&#8243; _module_preset=&#8221;default&#8221; custom_padding=&#8221;40px|20px|40px|20px|true|true&#8221; custom_padding_tablet=&#8221;30px|30px|30px|30px|true|true&#8221; custom_padding_phone=&#8221;20px|20px|20px|20px|true|true&#8221; custom_padding_last_edited=&#8221;on|tablet&#8221; border_color_all=&#8221;#3E3E3E&#8221; border_width_right=&#8221;1px&#8221; border_width_right_tablet=&#8221;0px&#8221; border_width_right_phone=&#8221;&#8221; border_width_right_last_edited=&#8221;on|tablet&#8221; global_colors_info=&#8221;{}&#8221;][et_pb_text _builder_version=&#8221;4.26.0&#8243; _module_preset=&#8221;97cb6529-61be-401c-b9be-bcbd8956ff07&#8243; global_colors_info=&#8221;{}&#8221;]<\/p>\n<h6>Indirizzo<\/h6>\n<p>[\/et_pb_text][et_pb_text _builder_version=&#8221;4.27.0&#8243; _module_preset=&#8221;00abbe1b-be65-4e43-b12a-ebb0bc8ab299&#8243; text_text_color=&#8221;RGBA(255,255,255,0.72)&#8221; custom_margin=&#8221;||60px||false|false&#8221; custom_margin_tablet=&#8221;||30px||false|false&#8221; custom_margin_phone=&#8221;&#8221; custom_margin_last_edited=&#8221;on|tablet&#8221; global_colors_info=&#8221;{}&#8221;]<\/p>\n<p>Breuil-Cervinia &#8211; Valle d&#8217;Aosta (AO) Italy<\/p>\n<p>[\/et_pb_text][et_pb_text _builder_version=&#8221;4.19.1&#8243; _module_preset=&#8221;97cb6529-61be-401c-b9be-bcbd8956ff07&#8243; global_colors_info=&#8221;{}&#8221;]<\/p>\n<h6>Email<\/h6>\n<p>[\/et_pb_text][et_pb_text _builder_version=&#8221;4.26.0&#8243; _module_preset=&#8221;00abbe1b-be65-4e43-b12a-ebb0bc8ab299&#8243; text_text_color=&#8221;RGBA(255,255,255,0.72)&#8221; link_text_color=&#8221;#F7FC01&#8243; custom_margin=&#8221;||60px||false|false&#8221; custom_margin_tablet=&#8221;||30px||false|false&#8221; custom_margin_phone=&#8221;||30px||false|false&#8221; custom_margin_last_edited=&#8221;on|tablet&#8221; locked=&#8221;off&#8221; global_colors_info=&#8221;{}&#8221;]<\/p>\n<p>ale@maestrodiscicervinia.com<\/p>\n<p>[\/et_pb_text][\/et_pb_column][et_pb_column type=&#8221;1_4&#8243; _builder_version=&#8221;4.19.0&#8243; _module_preset=&#8221;default&#8221; custom_padding=&#8221;40px|20px|40px|20px|true|true&#8221; custom_padding_tablet=&#8221;30px|30px|30px|30px|true|true&#8221; custom_padding_phone=&#8221;20px|20px|20px|20px|true|true&#8221; custom_padding_last_edited=&#8221;on|tablet&#8221; global_colors_info=&#8221;{}&#8221;][et_pb_text _builder_version=&#8221;4.26.0&#8243; _module_preset=&#8221;97cb6529-61be-401c-b9be-bcbd8956ff07&#8243; locked=&#8221;off&#8221; global_colors_info=&#8221;{}&#8221;]<\/p>\n<h6>Telefono<\/h6>\n<p>[\/et_pb_text][et_pb_text _builder_version=&#8221;4.26.0&#8243; _module_preset=&#8221;00abbe1b-be65-4e43-b12a-ebb0bc8ab299&#8243; text_text_color=&#8221;RGBA(255,255,255,0.72)&#8221; custom_margin=&#8221;||60px||false|false&#8221; custom_margin_tablet=&#8221;||30px||false|false&#8221; custom_margin_phone=&#8221;&#8221; custom_margin_last_edited=&#8221;on|tablet&#8221; locked=&#8221;off&#8221; global_colors_info=&#8221;{}&#8221;]<\/p>\n<p><span style=\"color: #ff0000;\"><a href=\"tel:+39%203491916651\" style=\"color: #ff0000;\">+39 3491916651<\/a><\/span><\/p>\n<p>[\/et_pb_text][et_pb_text _builder_version=&#8221;4.26.0&#8243; _module_preset=&#8221;97cb6529-61be-401c-b9be-bcbd8956ff07&#8243; custom_margin=&#8221;||10px||false|false&#8221; locked=&#8221;off&#8221; global_colors_info=&#8221;{}&#8221;]<\/p>\n<h6>Seguimi su<\/h6>\n<p>[\/et_pb_text][et_pb_social_media_follow use_icon_font_size=&#8221;on&#8221; icon_font_size=&#8221;12px&#8221; _builder_version=&#8221;4.27.0&#8243; _module_preset=&#8221;default&#8221; border_radii=&#8221;on|100px|100px|100px|100px&#8221; border_width_all=&#8221;1px&#8221; border_color_all=&#8221;#FFFFFF&#8221; locked=&#8221;off&#8221; global_colors_info=&#8221;{}&#8221;][et_pb_social_media_follow_network social_network=&#8221;instagram&#8221; url=&#8221;https:\/\/www.instagram.com\/maestrodiscicervinia?igsh=MWd1cGdjZHMwM3kyeQ==&#8221; _builder_version=&#8221;4.27.0&#8243; _module_preset=&#8221;default&#8221; custom_padding=&#8221;4px|4px|4px|4px|true|true&#8221; global_colors_info=&#8221;{}&#8221; follow_button=&#8221;off&#8221; url_new_window=&#8221;on&#8221;]instagram[\/et_pb_social_media_follow_network][\/et_pb_social_media_follow][\/et_pb_column][\/et_pb_row][\/et_pb_section][et_pb_section fb_built=&#8221;1&#8243; _builder_version=&#8221;4.27.4&#8243; _module_preset=&#8221;default&#8221; background_color=&#8221;#0A0A0A&#8221; global_colors_info=&#8221;{}&#8221;][et_pb_row column_structure=&#8221;1_4,1_4,1_4,1_4&#8243; make_equal=&#8221;on&#8221; _builder_version=&#8221;4.27.4&#8243; _module_preset=&#8221;default&#8221; width=&#8221;22%&#8221; max_width=&#8221;681px&#8221; max_height=&#8221;1000px&#8221; custom_margin=&#8221;-36px||-43px||false|false&#8221; global_colors_info=&#8221;{}&#8221;][et_pb_column type=&#8221;1_4&#8243; _builder_version=&#8221;4.27.4&#8243; _module_preset=&#8221;default&#8221; global_colors_info=&#8221;{}&#8221;][et_pb_icon font_icon=&#8221;&#xe09a;||divi||400&#8243; icon_color=&#8221;#ff0000&#8243; icon_width=&#8221;60px&#8221; url=&#8221;https:\/\/www.instagram.com\/maestrodiscicervinia\/&#8221; _builder_version=&#8221;4.27.4&#8243; _module_preset=&#8221;default&#8221; global_colors_info=&#8221;{}&#8221;][\/et_pb_icon][\/et_pb_column][et_pb_column type=&#8221;1_4&#8243; _builder_version=&#8221;4.27.4&#8243; _module_preset=&#8221;default&#8221; global_colors_info=&#8221;{}&#8221;][et_pb_icon font_icon=&#8221;&#xf2a0;||fa||900&#8243; icon_color=&#8221;#ff0000&#8243; icon_width=&#8221;60px&#8221; url=&#8221;tel:+393491916651&#8243; _builder_version=&#8221;4.27.4&#8243; _module_preset=&#8221;default&#8221; global_colors_info=&#8221;{}&#8221;][\/et_pb_icon][\/et_pb_column][et_pb_column type=&#8221;1_4&#8243; _builder_version=&#8221;4.27.4&#8243; _module_preset=&#8221;default&#8221; global_colors_info=&#8221;{}&#8221;][et_pb_icon font_icon=&#8221;&#xe010;||divi||400&#8243; icon_color=&#8221;#ff0000&#8243; icon_width=&#8221;60px&#8221; url=&#8221;mailto:%20ale@maestrodiscicervinia.com&#8221; _builder_version=&#8221;4.27.4&#8243; _module_preset=&#8221;default&#8221; global_colors_info=&#8221;{}&#8221;][\/et_pb_icon][\/et_pb_column][et_pb_column type=&#8221;1_4&#8243; _builder_version=&#8221;4.27.4&#8243; _module_preset=&#8221;default&#8221; global_colors_info=&#8221;{}&#8221;][et_pb_icon font_icon=&#8221;&#xf5a0;||fa||900&#8243; icon_color=&#8221;#ff0000&#8243; icon_width=&#8221;60px&#8221; url=&#8221;https:\/\/www.google.it\/maps\/dir\/Seggiovia+Campetto\/Cretaz,+11012+AO\/@45.9373636,7.6287482,17z\/am=t\/data=!4m17!4m16!1m5!1m1!1s0x4788cce98b04c56d:0xcc57131826f90e1c!2m2!1d7.6314099!2d45.9373375!1m5!1m1!1s0x4788e1a38bebc0cf:0xf65dbfbfdb63a68d!2m2!1d7.3423307!2d45.6155627!6m3!1i0!2i0!3i0?entry=ttu&#038;g_ep=EgoyMDI0MTExOS4yIKXMDSoASAFQAw%3D%3D&#8221; _builder_version=&#8221;4.27.4&#8243; _module_preset=&#8221;default&#8221; global_colors_info=&#8221;{}&#8221;][\/et_pb_icon][\/et_pb_column][\/et_pb_row][\/et_pb_section]<\/p>\n<div class=\"nectar-social fixed\" data-position=\"\" data-rm-love=\"0\" data-color-override=\"override\"><a href=\"#\"><i class=\"icon-default-style steadysets-icon-share\"><\/i><\/a><div class=\"nectar-social-inner\"><a class='facebook-share nectar-sharing' href='#' title='Share this'> <i class='fa fa-facebook'><\/i> <span class='social-text'>Share<\/span> <\/a><a class='linkedin-share nectar-sharing' href='#' title='Share this'> <i class='fa fa-linkedin'><\/i> <span class='social-text'>Share<\/span> <\/a><\/div><\/div>","protected":false},"excerpt":{"rendered":"<p>FAQL&#8217;utilizzo del casco protettivo conforme per l&#8217;esercizio della pratica dello Sci Alpino, Snowboard, Telemark, Slitta e Slittino, \u00e9 per tutti obbligatorio a prescindere dall&#8217;et\u00e0 (cfr. Legge 8 agosto 2025, n. 119, recante &#8220;Disposizioni urgenti per l&#8217;organizzazione e lo svolgimento di grandi eventi sportivi, nonch\u00e9 ulteriori disposizioni urgenti in materia di sport&#8221;).Si, \u00e9 obbligatoria e tale [&hellip;]<\/p>\n","protected":false},"author":1,"featured_media":0,"parent":0,"menu_order":0,"comment_status":"closed","ping_status":"closed","template":"","meta":{"_et_pb_use_builder":"on","_et_pb_old_content":"[vc_row type=\"in_container\" full_screen_row_position=\"middle\" column_margin=\"default\" column_direction=\"default\" column_direction_tablet=\"default\" column_direction_phone=\"default\" scene_position=\"center\" text_color=\"dark\" text_align=\"left\" row_border_radius=\"none\" row_border_radius_applies=\"bg\" overflow=\"visible\" overlay_strength=\"0.3\" gradient_direction=\"left_to_right\" shape_divider_position=\"bottom\" bg_image_animation=\"none\"][vc_column column_padding=\"no-extra-padding\" column_padding_tablet=\"inherit\" column_padding_phone=\"inherit\" column_padding_position=\"all\" column_element_direction_desktop=\"default\" column_element_spacing=\"default\" desktop_text_alignment=\"default\" tablet_text_alignment=\"default\" phone_text_alignment=\"default\" background_color_opacity=\"1\" background_hover_color_opacity=\"1\" column_backdrop_filter=\"none\" column_shadow=\"none\" column_border_radius=\"none\" column_link_target=\"_self\" column_position=\"default\" gradient_direction=\"left_to_right\" overlay_strength=\"0.3\" width=\"1\/1\" tablet_width_inherit=\"default\" animation_type=\"default\" bg_image_animation=\"none\" border_type=\"simple\" column_border_width=\"none\" column_border_style=\"solid\"][vc_column_text]\r\n\r\nI am text block. Click edit button to change this text. Lorem ipsum dolor sit amet, consectetur adipiscing elit. Ut elit tellus, luctus nec ullamcorper mattis, pulvinar dapibus leo.\r\n\r\n[\/vc_column_text][\/vc_column][\/vc_row]","_et_gb_content_width":"","footnotes":""},"class_list":["post-99","page","type-page","status-publish","hentry"],"yoast_head":"<!-- This site is optimized with the Yoast SEO plugin v27.5 - https:\/\/yoast.com\/product\/yoast-seo-wordpress\/ -->\n<title>FAQ - Coach Ski Snowboard Cervinia<\/title>\n<meta name=\"description\" content=\"English, Francoise e Italiano trova qui il tuoi Ski - snowboard coach e impara nel modo migliore il tuo sport invernale a Cervinia\" \/>\n<meta name=\"robots\" content=\"index, follow, max-snippet:-1, max-image-preview:large, max-video-preview:-1\" \/>\n<link rel=\"canonical\" href=\"https:\/\/www.maestrodiscicervinia.com\/it\/faq\/\" \/>\n<meta property=\"og:locale\" content=\"it_IT\" \/>\n<meta property=\"og:type\" content=\"article\" \/>\n<meta property=\"og:title\" content=\"FAQ - Coach Ski Snowboard Cervinia\" \/>\n<meta property=\"og:description\" content=\"English, Francoise e Italiano trova qui il tuoi Ski - snowboard coach e impara nel modo migliore il tuo sport invernale a Cervinia\" \/>\n<meta property=\"og:url\" content=\"https:\/\/www.maestrodiscicervinia.com\/it\/faq\/\" \/>\n<meta property=\"og:site_name\" content=\"Maestro di Sci Cervinia\" \/>\n<meta property=\"article:modified_time\" content=\"2025-11-04T14:27:36+00:00\" \/>\n<meta name=\"twitter:card\" content=\"summary_large_image\" \/>\n<meta name=\"twitter:label1\" content=\"Tempo di lettura stimato\" \/>\n\t<meta name=\"twitter:data1\" content=\"4 minuti\" \/>\n<script type=\"application\/ld+json\" class=\"yoast-schema-graph\">{\"@context\":\"https:\\\/\\\/schema.org\",\"@graph\":[{\"@type\":\"WebPage\",\"@id\":\"https:\\\/\\\/www.maestrodiscicervinia.com\\\/it\\\/faq\\\/\",\"url\":\"https:\\\/\\\/www.maestrodiscicervinia.com\\\/it\\\/faq\\\/\",\"name\":\"FAQ - Coach Ski Snowboard Cervinia\",\"isPartOf\":{\"@id\":\"https:\\\/\\\/www.maestrodiscicervinia.com\\\/it\\\/#website\"},\"datePublished\":\"2022-11-30T11:33:46+00:00\",\"dateModified\":\"2025-11-04T14:27:36+00:00\",\"description\":\"English, Francoise e Italiano trova qui il tuoi Ski - snowboard coach e impara nel modo migliore il tuo sport invernale a Cervinia\",\"breadcrumb\":{\"@id\":\"https:\\\/\\\/www.maestrodiscicervinia.com\\\/it\\\/faq\\\/#breadcrumb\"},\"inLanguage\":\"it-IT\",\"potentialAction\":[{\"@type\":\"ReadAction\",\"target\":[\"https:\\\/\\\/www.maestrodiscicervinia.com\\\/it\\\/faq\\\/\"]}]},{\"@type\":\"BreadcrumbList\",\"@id\":\"https:\\\/\\\/www.maestrodiscicervinia.com\\\/it\\\/faq\\\/#breadcrumb\",\"itemListElement\":[{\"@type\":\"ListItem\",\"position\":1,\"name\":\"Home\",\"item\":\"https:\\\/\\\/www.maestrodiscicervinia.com\\\/it\\\/\"},{\"@type\":\"ListItem\",\"position\":2,\"name\":\"FAQ\"}]},{\"@type\":\"WebSite\",\"@id\":\"https:\\\/\\\/www.maestrodiscicervinia.com\\\/it\\\/#website\",\"url\":\"https:\\\/\\\/www.maestrodiscicervinia.com\\\/it\\\/\",\"name\":\"Maestro di Sci Cervinia\",\"description\":\"Lezioni private sulla neve: Sci, Snowboard, Telemark\",\"potentialAction\":[{\"@type\":\"SearchAction\",\"target\":{\"@type\":\"EntryPoint\",\"urlTemplate\":\"https:\\\/\\\/www.maestrodiscicervinia.com\\\/it\\\/?s={search_term_string}\"},\"query-input\":{\"@type\":\"PropertyValueSpecification\",\"valueRequired\":true,\"valueName\":\"search_term_string\"}}],\"inLanguage\":\"it-IT\"}]}<\/script>\n<!-- \/ Yoast SEO plugin. -->","yoast_head_json":{"title":"FAQ - Coach Ski Snowboard Cervinia","description":"English, Francoise e Italiano trova qui il tuoi Ski - snowboard coach e impara nel modo migliore il tuo sport invernale a Cervinia","robots":{"index":"index","follow":"follow","max-snippet":"max-snippet:-1","max-image-preview":"max-image-preview:large","max-video-preview":"max-video-preview:-1"},"canonical":"https:\/\/www.maestrodiscicervinia.com\/it\/faq\/","og_locale":"it_IT","og_type":"article","og_title":"FAQ - Coach Ski Snowboard Cervinia","og_description":"English, Francoise e Italiano trova qui il tuoi Ski - snowboard coach e impara nel modo migliore il tuo sport invernale a Cervinia","og_url":"https:\/\/www.maestrodiscicervinia.com\/it\/faq\/","og_site_name":"Maestro di Sci Cervinia","article_modified_time":"2025-11-04T14:27:36+00:00","twitter_card":"summary_large_image","twitter_misc":{"Tempo di lettura stimato":"4 minuti"},"schema":{"@context":"https:\/\/schema.org","@graph":[{"@type":"WebPage","@id":"https:\/\/www.maestrodiscicervinia.com\/it\/faq\/","url":"https:\/\/www.maestrodiscicervinia.com\/it\/faq\/","name":"FAQ - Coach Ski Snowboard Cervinia","isPartOf":{"@id":"https:\/\/www.maestrodiscicervinia.com\/it\/#website"},"datePublished":"2022-11-30T11:33:46+00:00","dateModified":"2025-11-04T14:27:36+00:00","description":"English, Francoise e Italiano trova qui il tuoi Ski - snowboard coach e impara nel modo migliore il tuo sport invernale a Cervinia","breadcrumb":{"@id":"https:\/\/www.maestrodiscicervinia.com\/it\/faq\/#breadcrumb"},"inLanguage":"it-IT","potentialAction":[{"@type":"ReadAction","target":["https:\/\/www.maestrodiscicervinia.com\/it\/faq\/"]}]},{"@type":"BreadcrumbList","@id":"https:\/\/www.maestrodiscicervinia.com\/it\/faq\/#breadcrumb","itemListElement":[{"@type":"ListItem","position":1,"name":"Home","item":"https:\/\/www.maestrodiscicervinia.com\/it\/"},{"@type":"ListItem","position":2,"name":"FAQ"}]},{"@type":"WebSite","@id":"https:\/\/www.maestrodiscicervinia.com\/it\/#website","url":"https:\/\/www.maestrodiscicervinia.com\/it\/","name":"Maestro di Sci Cervinia","description":"Lezioni private sulla neve: Sci, Snowboard, Telemark","potentialAction":[{"@type":"SearchAction","target":{"@type":"EntryPoint","urlTemplate":"https:\/\/www.maestrodiscicervinia.com\/it\/?s={search_term_string}"},"query-input":{"@type":"PropertyValueSpecification","valueRequired":true,"valueName":"search_term_string"}}],"inLanguage":"it-IT"}]}},"_links":{"self":[{"href":"https:\/\/www.maestrodiscicervinia.com\/it\/wp-json\/wp\/v2\/pages\/99","targetHints":{"allow":["GET"]}}],"collection":[{"href":"https:\/\/www.maestrodiscicervinia.com\/it\/wp-json\/wp\/v2\/pages"}],"about":[{"href":"https:\/\/www.maestrodiscicervinia.com\/it\/wp-json\/wp\/v2\/types\/page"}],"author":[{"embeddable":true,"href":"https:\/\/www.maestrodiscicervinia.com\/it\/wp-json\/wp\/v2\/users\/1"}],"replies":[{"embeddable":true,"href":"https:\/\/www.maestrodiscicervinia.com\/it\/wp-json\/wp\/v2\/comments?post=99"}],"version-history":[{"count":9,"href":"https:\/\/www.maestrodiscicervinia.com\/it\/wp-json\/wp\/v2\/pages\/99\/revisions"}],"predecessor-version":[{"id":1714,"href":"https:\/\/www.maestrodiscicervinia.com\/it\/wp-json\/wp\/v2\/pages\/99\/revisions\/1714"}],"wp:attachment":[{"href":"https:\/\/www.maestrodiscicervinia.com\/it\/wp-json\/wp\/v2\/media?parent=99"}],"curies":[{"name":"wp","href":"https:\/\/api.w.org\/{rel}","templated":true}]}}